{"id":153,"date":"2024-06-03T08:25:28","date_gmt":"2024-06-03T06:25:28","guid":{"rendered":"http:\/\/www.1-grundschule-hermsdorf.de\/wordpress\/?page_id=153"},"modified":"2026-02-20T10:21:17","modified_gmt":"2026-02-20T09:21:17","slug":"informationen-zum-schulalltag-2","status":"publish","type":"page","link":"http:\/\/www.1-grundschule-hermsdorf.de\/wordpress\/informationen-zum-schulalltag-2\/","title":{"rendered":"Informationen zum Schulalltag"},"content":{"rendered":"\n<h1 class=\"wp-block-heading\">Unterrichts- und Pausenzeiten<\/h1>\n\n\n\n<figure class=\"wp-block-table\"><table><thead><tr><th>#<\/th><th>Tagesablauf<\/th><th>Uhr<\/th><\/tr><\/thead><tbody><tr><th>1<\/th><td>Unterrichtsblock<\/td><td>7.45 Uhr &#8211; 8.30 Uhr<br>8.45 Uhr &#8211; 9.30 Uhr<\/td><\/tr><tr><th><\/th><td>Hofpause<\/td><td>9.30 Uhr &#8211; 9.55 Uhr<\/td><\/tr><tr><th>2<\/th><td>Unterrichtsblock<\/td><td>9.55 Uhr &#8211; 10.40 Uhr<br>10.45 Uhr &#8211; 11.30 Uhr<\/td><\/tr><tr><th><\/th><td>Mittagspause<\/td><td>11.30 Uhr &#8211; 11.55 Uhr<\/td><\/tr><tr><th>3<\/th><td>Unterrichtsblock<\/td><td>12.00 Uhr &#8211; 12.45 Uhr<br>12.50 Uhr &#8211; 13.35 Uhr<\/td><\/tr><\/tbody><\/table><\/figure>\n\n\n\n<h1 class=\"wp-block-heading\">Beurlaubung<\/h1>\n\n\n\n<p>Sch\u00fcler k\u00f6nnen in dringenden Ausnahmef\u00e4llen auf schriftlichen Antrag der Erziehungsberechtigten beurlaubt werden.<br><br>Zust\u00e4ndig f\u00fcr die Entscheidung ist:<br>&#8211; der Klassenleiter bei Beurlaubung bis zu 3 Unterrichtstagen<br>&#8211; der Schulleiter bei Beurlaubung bis zu 15 Unterrichtstagen<br><\/p>\n\n\n\n<h1 class=\"wp-block-heading\"><\/h1>\n\n\n\n<h1 class=\"wp-block-heading\"><\/h1>\n","protected":false},"excerpt":{"rendered":"<p>Unterrichts- und Pausenzeiten # Tagesablauf Uhr 1 Unterrichtsblock 7.45 Uhr &#8211; 8.30 Uhr8.45 Uhr &#8211; 9.30 Uhr Hofpause 9.30 Uhr &#8211; 9.55 Uhr 2 Unterrichtsblock 9.55 Uhr &#8211; 10.40 Uhr10.45 Uhr &#8211; 11.30 Uhr Mittagspause 11.30 Uhr &#8211; 11.55 Uhr &hellip; <a href=\"http:\/\/www.1-grundschule-hermsdorf.de\/wordpress\/informationen-zum-schulalltag-2\/\">Weiter<\/a><\/p>\n","protected":false},"author":1,"featured_media":0,"parent":0,"menu_order":0,"comment_status":"closed","ping_status":"closed","template":"","meta":{"kt_blocks_editor_width":"","footnotes":""},"yoast_head":"<!-- This site is optimized with the Yoast SEO plugin v23.3 - https:\/\/yoast.com\/wordpress\/plugins\/seo\/ -->\n<title>Informationen zum Schulalltag - Staatliche Grundschule Hermsdorf<\/title>\n<meta name=\"robots\" content=\"index, follow, max-snippet:-1, max-image-preview:large, max-video-preview:-1\" \/>\n<link rel=\"canonical\" href=\"http:\/\/www.1-grundschule-hermsdorf.de\/wordpress\/informationen-zum-schulalltag-2\/\" \/>\n<meta property=\"og:locale\" content=\"de_DE\" \/>\n<meta property=\"og:type\" content=\"article\" \/>\n<meta property=\"og:title\" content=\"Informationen zum Schulalltag - Staatliche Grundschule Hermsdorf\" \/>\n<meta property=\"og:description\" content=\"Unterrichts- und Pausenzeiten # Tagesablauf Uhr 1 Unterrichtsblock 7.45 Uhr &#8211; 8.30 Uhr8.45 Uhr &#8211; 9.30 Uhr Hofpause 9.30 Uhr &#8211; 9.55 Uhr 2 Unterrichtsblock 9.55 Uhr &#8211; 10.40 Uhr10.45 Uhr &#8211; 11.30 Uhr Mittagspause 11.30 Uhr &#8211; 11.55 Uhr &hellip; Weiter\" \/>\n<meta property=\"og:url\" content=\"http:\/\/www.1-grundschule-hermsdorf.de\/wordpress\/informationen-zum-schulalltag-2\/\" \/>\n<meta property=\"og:site_name\" content=\"Staatliche Grundschule Hermsdorf\" \/>\n<meta property=\"article:modified_time\" content=\"2026-02-20T09:21:17+00:00\" \/>\n<meta name=\"twitter:card\" content=\"summary_large_image\" \/>\n<meta name=\"twitter:label1\" content=\"Est. reading time\" \/>\n\t<meta name=\"twitter:data1\" content=\"1 Minute\" \/>\n<script type=\"application\/ld+json\" class=\"yoast-schema-graph\">{\"@context\":\"https:\/\/schema.org\",\"@graph\":[{\"@type\":\"WebPage\",\"@id\":\"http:\/\/www.1-grundschule-hermsdorf.de\/wordpress\/informationen-zum-schulalltag-2\/\",\"url\":\"http:\/\/www.1-grundschule-hermsdorf.de\/wordpress\/informationen-zum-schulalltag-2\/\",\"name\":\"Informationen zum Schulalltag - Staatliche Grundschule Hermsdorf\",\"isPartOf\":{\"@id\":\"http:\/\/www.1-grundschule-hermsdorf.de\/wordpress\/#website\"},\"datePublished\":\"2024-06-03T06:25:28+00:00\",\"dateModified\":\"2026-02-20T09:21:17+00:00\",\"breadcrumb\":{\"@id\":\"http:\/\/www.1-grundschule-hermsdorf.de\/wordpress\/informationen-zum-schulalltag-2\/#breadcrumb\"},\"inLanguage\":\"de-DE\",\"potentialAction\":[{\"@type\":\"ReadAction\",\"target\":[\"http:\/\/www.1-grundschule-hermsdorf.de\/wordpress\/informationen-zum-schulalltag-2\/\"]}]},{\"@type\":\"BreadcrumbList\",\"@id\":\"http:\/\/www.1-grundschule-hermsdorf.de\/wordpress\/informationen-zum-schulalltag-2\/#breadcrumb\",\"itemListElement\":[{\"@type\":\"ListItem\",\"position\":1,\"name\":\"Home\",\"item\":\"http:\/\/www.1-grundschule-hermsdorf.de\/wordpress\/\"},{\"@type\":\"ListItem\",\"position\":2,\"name\":\"Informationen zum Schulalltag\"}]},{\"@type\":\"WebSite\",\"@id\":\"http:\/\/www.1-grundschule-hermsdorf.de\/wordpress\/#website\",\"url\":\"http:\/\/www.1-grundschule-hermsdorf.de\/wordpress\/\",\"name\":\"Staatliche Grundschule Hermsdorf\",\"description\":\"\",\"publisher\":{\"@id\":\"http:\/\/www.1-grundschule-hermsdorf.de\/wordpress\/#organization\"},\"potentialAction\":[{\"@type\":\"SearchAction\",\"target\":{\"@type\":\"EntryPoint\",\"urlTemplate\":\"http:\/\/www.1-grundschule-hermsdorf.de\/wordpress\/?s={search_term_string}\"},\"query-input\":\"required name=search_term_string\"}],\"inLanguage\":\"de-DE\"},{\"@type\":\"Organization\",\"@id\":\"http:\/\/www.1-grundschule-hermsdorf.de\/wordpress\/#organization\",\"name\":\"Staatliche Grundschule Hermsdorf\",\"url\":\"http:\/\/www.1-grundschule-hermsdorf.de\/wordpress\/\",\"logo\":{\"@type\":\"ImageObject\",\"inLanguage\":\"de-DE\",\"@id\":\"http:\/\/www.1-grundschule-hermsdorf.de\/wordpress\/#\/schema\/logo\/image\/\",\"url\":\"http:\/\/www.1-grundschule-hermsdorf.de\/wordpress\/wp-content\/uploads\/2024\/05\/cropped-logo_schule.png\",\"contentUrl\":\"http:\/\/www.1-grundschule-hermsdorf.de\/wordpress\/wp-content\/uploads\/2024\/05\/cropped-logo_schule.png\",\"width\":2165,\"height\":2185,\"caption\":\"Staatliche Grundschule Hermsdorf\"},\"image\":{\"@id\":\"http:\/\/www.1-grundschule-hermsdorf.de\/wordpress\/#\/schema\/logo\/image\/\"}}]}<\/script>\n<!-- \/ Yoast SEO plugin. -->","yoast_head_json":{"title":"Informationen zum Schulalltag - Staatliche Grundschule Hermsdorf","robots":{"index":"index","follow":"follow","max-snippet":"max-snippet:-1","max-image-preview":"max-image-preview:large","max-video-preview":"max-video-preview:-1"},"canonical":"http:\/\/www.1-grundschule-hermsdorf.de\/wordpress\/informationen-zum-schulalltag-2\/","og_locale":"de_DE","og_type":"article","og_title":"Informationen zum Schulalltag - Staatliche Grundschule Hermsdorf","og_description":"Unterrichts- und Pausenzeiten # Tagesablauf Uhr 1 Unterrichtsblock 7.45 Uhr &#8211; 8.30 Uhr8.45 Uhr &#8211; 9.30 Uhr Hofpause 9.30 Uhr &#8211; 9.55 Uhr 2 Unterrichtsblock 9.55 Uhr &#8211; 10.40 Uhr10.45 Uhr &#8211; 11.30 Uhr Mittagspause 11.30 Uhr &#8211; 11.55 Uhr &hellip; Weiter","og_url":"http:\/\/www.1-grundschule-hermsdorf.de\/wordpress\/informationen-zum-schulalltag-2\/","og_site_name":"Staatliche Grundschule Hermsdorf","article_modified_time":"2026-02-20T09:21:17+00:00","twitter_card":"summary_large_image","twitter_misc":{"Est. reading time":"1 Minute"},"schema":{"@context":"https:\/\/schema.org","@graph":[{"@type":"WebPage","@id":"http:\/\/www.1-grundschule-hermsdorf.de\/wordpress\/informationen-zum-schulalltag-2\/","url":"http:\/\/www.1-grundschule-hermsdorf.de\/wordpress\/informationen-zum-schulalltag-2\/","name":"Informationen zum Schulalltag - Staatliche Grundschule Hermsdorf","isPartOf":{"@id":"http:\/\/www.1-grundschule-hermsdorf.de\/wordpress\/#website"},"datePublished":"2024-06-03T06:25:28+00:00","dateModified":"2026-02-20T09:21:17+00:00","breadcrumb":{"@id":"http:\/\/www.1-grundschule-hermsdorf.de\/wordpress\/informationen-zum-schulalltag-2\/#breadcrumb"},"inLanguage":"de-DE","potentialAction":[{"@type":"ReadAction","target":["http:\/\/www.1-grundschule-hermsdorf.de\/wordpress\/informationen-zum-schulalltag-2\/"]}]},{"@type":"BreadcrumbList","@id":"http:\/\/www.1-grundschule-hermsdorf.de\/wordpress\/informationen-zum-schulalltag-2\/#breadcrumb","itemListElement":[{"@type":"ListItem","position":1,"name":"Home","item":"http:\/\/www.1-grundschule-hermsdorf.de\/wordpress\/"},{"@type":"ListItem","position":2,"name":"Informationen zum Schulalltag"}]},{"@type":"WebSite","@id":"http:\/\/www.1-grundschule-hermsdorf.de\/wordpress\/#website","url":"http:\/\/www.1-grundschule-hermsdorf.de\/wordpress\/","name":"Staatliche Grundschule Hermsdorf","description":"","publisher":{"@id":"http:\/\/www.1-grundschule-hermsdorf.de\/wordpress\/#organization"},"potentialAction":[{"@type":"SearchAction","target":{"@type":"EntryPoint","urlTemplate":"http:\/\/www.1-grundschule-hermsdorf.de\/wordpress\/?s={search_term_string}"},"query-input":"required name=search_term_string"}],"inLanguage":"de-DE"},{"@type":"Organization","@id":"http:\/\/www.1-grundschule-hermsdorf.de\/wordpress\/#organization","name":"Staatliche Grundschule Hermsdorf","url":"http:\/\/www.1-grundschule-hermsdorf.de\/wordpress\/","logo":{"@type":"ImageObject","inLanguage":"de-DE","@id":"http:\/\/www.1-grundschule-hermsdorf.de\/wordpress\/#\/schema\/logo\/image\/","url":"http:\/\/www.1-grundschule-hermsdorf.de\/wordpress\/wp-content\/uploads\/2024\/05\/cropped-logo_schule.png","contentUrl":"http:\/\/www.1-grundschule-hermsdorf.de\/wordpress\/wp-content\/uploads\/2024\/05\/cropped-logo_schule.png","width":2165,"height":2185,"caption":"Staatliche Grundschule Hermsdorf"},"image":{"@id":"http:\/\/www.1-grundschule-hermsdorf.de\/wordpress\/#\/schema\/logo\/image\/"}}]}},"_links":{"self":[{"href":"http:\/\/www.1-grundschule-hermsdorf.de\/wordpress\/wp-json\/wp\/v2\/pages\/153"}],"collection":[{"href":"http:\/\/www.1-grundschule-hermsdorf.de\/wordpress\/wp-json\/wp\/v2\/pages"}],"about":[{"href":"http:\/\/www.1-grundschule-hermsdorf.de\/wordpress\/wp-json\/wp\/v2\/types\/page"}],"author":[{"embeddable":true,"href":"http:\/\/www.1-grundschule-hermsdorf.de\/wordpress\/wp-json\/wp\/v2\/users\/1"}],"replies":[{"embeddable":true,"href":"http:\/\/www.1-grundschule-hermsdorf.de\/wordpress\/wp-json\/wp\/v2\/comments?post=153"}],"version-history":[{"count":9,"href":"http:\/\/www.1-grundschule-hermsdorf.de\/wordpress\/wp-json\/wp\/v2\/pages\/153\/revisions"}],"predecessor-version":[{"id":316,"href":"http:\/\/www.1-grundschule-hermsdorf.de\/wordpress\/wp-json\/wp\/v2\/pages\/153\/revisions\/316"}],"wp:attachment":[{"href":"http:\/\/www.1-grundschule-hermsdorf.de\/wordpress\/wp-json\/wp\/v2\/media?parent=153"}],"curies":[{"name":"wp","href":"https:\/\/api.w.org\/{rel}","templated":true}]}}