{"id":2,"date":"2024-05-30T10:29:34","date_gmt":"2024-05-30T08:29:34","guid":{"rendered":"http:\/\/www.1-grundschule-hermsdorf.de\/wordpress\/?page_id=2"},"modified":"2025-03-30T16:16:34","modified_gmt":"2025-03-30T14:16:34","slug":"beispiel-seite","status":"publish","type":"page","link":"http:\/\/www.1-grundschule-hermsdorf.de\/wordpress\/","title":{"rendered":"Herzlich willkommen"},"content":{"rendered":"\n<p class=\"has-text-align-center\">Hier finden Sch\u00fcler, Eltern und Interessierte alle wichtigen Informationen rund um Termine, Projekttage, Sch\u00fclerfeste und organisatorische Abl\u00e4ufe.<\/p>\n\n\n\n<p class=\"has-text-align-center\">Wir freuen uns auf ein positives Feedback.<br>Ihr Team der Grundschule Hermsdorf<\/p>\n\n\n<style>.kb-row-layout-id2_19f7ae-e1 > .kt-row-column-wrap{align-content:start;}:where(.kb-row-layout-id2_19f7ae-e1 > .kt-row-column-wrap) > .wp-block-kadence-column{justify-content:start;}.kb-row-layout-id2_19f7ae-e1 > .kt-row-column-wrap{column-gap:var(--global-kb-gap-md, 2rem);row-gap:var(--global-kb-gap-md, 2rem);padding-top:var(--global-kb-spacing-sm, 1.5rem);padding-bottom:var(--global-kb-spacing-sm, 1.5rem);grid-template-columns:repeat(3, minmax(0, 1fr));}.kb-row-layout-id2_19f7ae-e1 > .kt-row-layout-overlay{opacity:0.30;}@media all and (max-width: 1024px){.kb-row-layout-id2_19f7ae-e1 > .kt-row-column-wrap{grid-template-columns:repeat(3, minmax(0, 1fr));}}@media all and (max-width: 767px){.kb-row-layout-id2_19f7ae-e1 > .kt-row-column-wrap{grid-template-columns:minmax(0, 1fr);}}<\/style><div class=\"kb-row-layout-wrap kb-row-layout-id2_19f7ae-e1 alignwide wp-block-kadence-rowlayout\"><div class=\"kt-row-column-wrap kt-has-3-columns kt-row-layout-equal kt-tab-layout-inherit kt-mobile-layout-row kt-row-valign-top\">\n<style>.kadence-column2_73eee6-7c > .kt-inside-inner-col,.kadence-column2_73eee6-7c > .kt-inside-inner-col:before{border-top-left-radius:0px;border-top-right-radius:0px;border-bottom-right-radius:0px;border-bottom-left-radius:0px;}.kadence-column2_73eee6-7c > .kt-inside-inner-col{column-gap:var(--global-kb-gap-sm, 1rem);}.kadence-column2_73eee6-7c > .kt-inside-inner-col{flex-direction:column;}.kadence-column2_73eee6-7c > .kt-inside-inner-col > .aligncenter{width:100%;}.kadence-column2_73eee6-7c > .kt-inside-inner-col:before{opacity:0.3;}.kadence-column2_73eee6-7c{position:relative;}@media all and (max-width: 1024px){.kadence-column2_73eee6-7c > .kt-inside-inner-col{flex-direction:column;}}@media all and (max-width: 767px){.kadence-column2_73eee6-7c > .kt-inside-inner-col{flex-direction:column;}}<\/style>\n<div class=\"wp-block-kadence-column kadence-column2_73eee6-7c\"><div class=\"kt-inside-inner-col\"><style>.kb-image2_3bda1b-65.kb-image-is-ratio-size, .kb-image2_3bda1b-65 .kb-image-is-ratio-size{max-width:297px;width:100%;}.wp-block-kadence-column > .kt-inside-inner-col > .kb-image2_3bda1b-65.kb-image-is-ratio-size, .wp-block-kadence-column > .kt-inside-inner-col > .kb-image2_3bda1b-65 .kb-image-is-ratio-size{align-self:unset;}.kb-image2_3bda1b-65 figure{max-width:297px;}.kb-image2_3bda1b-65 .image-is-svg, .kb-image2_3bda1b-65 .image-is-svg img{width:100%;}.kb-image2_3bda1b-65 .kb-image-has-overlay:after{opacity:0.3;}<\/style>\n<div class=\"wp-block-kadence-image kb-image2_3bda1b-65\"><figure class=\"aligncenter size-large\"><a href=\"http:\/\/www.1-grundschule-hermsdorf.de\/wordpress\/unser-team\/\" class=\"kb-advanced-image-link\"><img loading=\"lazy\" decoding=\"async\" width=\"1024\" height=\"683\" src=\"http:\/\/www.1-grundschule-hermsdorf.de\/wordpress\/wp-content\/uploads\/2024\/05\/kinder-1024x683.jpg\" alt=\"\" class=\"kb-img wp-image-76\" srcset=\"http:\/\/www.1-grundschule-hermsdorf.de\/wordpress\/wp-content\/uploads\/2024\/05\/kinder-1024x683.jpg 1024w, http:\/\/www.1-grundschule-hermsdorf.de\/wordpress\/wp-content\/uploads\/2024\/05\/kinder-300x200.jpg 300w, http:\/\/www.1-grundschule-hermsdorf.de\/wordpress\/wp-content\/uploads\/2024\/05\/kinder-768x512.jpg 768w, http:\/\/www.1-grundschule-hermsdorf.de\/wordpress\/wp-content\/uploads\/2024\/05\/kinder-1536x1024.jpg 1536w, http:\/\/www.1-grundschule-hermsdorf.de\/wordpress\/wp-content\/uploads\/2024\/05\/kinder.jpg 1920w\" sizes=\"(max-width: 1024px) 100vw, 1024px\" \/><\/a><\/figure><\/div>\n\n\n<style>.wp-block-kadence-advancedheading.kt-adv-heading2_bee278-b2, .wp-block-kadence-advancedheading.kt-adv-heading2_bee278-b2[data-kb-block=\"kb-adv-heading2_bee278-b2\"]{text-align:center;font-style:normal;}.wp-block-kadence-advancedheading.kt-adv-heading2_bee278-b2 mark, .wp-block-kadence-advancedheading.kt-adv-heading2_bee278-b2[data-kb-block=\"kb-adv-heading2_bee278-b2\"] mark{font-style:normal;color:#f76a0c;padding-top:0px;padding-right:0px;padding-bottom:0px;padding-left:0px;}<\/style>\n<h2 class=\"kt-adv-heading2_bee278-b2 wp-block-kadence-advancedheading\" data-kb-block=\"kb-adv-heading2_bee278-b2\">Unsere Grundschule<\/h2>\n\n\n\n<p class=\"has-text-align-center\">Essentielle Informationen \u00fcber unsere Grundschule.<\/p>\n<\/div><\/div>\n\n\n<style>.kadence-column2_1d884f-90 > .kt-inside-inner-col,.kadence-column2_1d884f-90 > .kt-inside-inner-col:before{border-top-left-radius:0px;border-top-right-radius:0px;border-bottom-right-radius:0px;border-bottom-left-radius:0px;}.kadence-column2_1d884f-90 > .kt-inside-inner-col{column-gap:var(--global-kb-gap-sm, 1rem);}.kadence-column2_1d884f-90 > .kt-inside-inner-col{flex-direction:column;}.kadence-column2_1d884f-90 > .kt-inside-inner-col > .aligncenter{width:100%;}.kadence-column2_1d884f-90 > .kt-inside-inner-col:before{opacity:0.3;}.kadence-column2_1d884f-90{position:relative;}@media all and (max-width: 1024px){.kadence-column2_1d884f-90 > .kt-inside-inner-col{flex-direction:column;}}@media all and (max-width: 767px){.kadence-column2_1d884f-90 > .kt-inside-inner-col{flex-direction:column;}}<\/style>\n<div class=\"wp-block-kadence-column kadence-column2_1d884f-90\"><div class=\"kt-inside-inner-col\"><style>.kb-image2_a3cae8-02.kb-image-is-ratio-size, .kb-image2_a3cae8-02 .kb-image-is-ratio-size{max-width:310px;width:100%;}.wp-block-kadence-column > .kt-inside-inner-col > .kb-image2_a3cae8-02.kb-image-is-ratio-size, .wp-block-kadence-column > .kt-inside-inner-col > .kb-image2_a3cae8-02 .kb-image-is-ratio-size{align-self:unset;}.kb-image2_a3cae8-02 figure{max-width:310px;}.kb-image2_a3cae8-02 .image-is-svg, .kb-image2_a3cae8-02 .image-is-svg img{width:100%;}.kb-image2_a3cae8-02 .kb-image-has-overlay:after{opacity:0.3;}<\/style>\n<div class=\"wp-block-kadence-image kb-image2_a3cae8-02\"><figure class=\"aligncenter size-large\"><a href=\"http:\/\/www.1-grundschule-hermsdorf.de\/wordpress\/elterninformation\/\" class=\"kb-advanced-image-link\"><img loading=\"lazy\" decoding=\"async\" width=\"1024\" height=\"682\" src=\"http:\/\/www.1-grundschule-hermsdorf.de\/wordpress\/wp-content\/uploads\/2024\/05\/aktuelles-1024x682.jpg\" alt=\"\" class=\"kb-img wp-image-77\" srcset=\"http:\/\/www.1-grundschule-hermsdorf.de\/wordpress\/wp-content\/uploads\/2024\/05\/aktuelles-1024x682.jpg 1024w, http:\/\/www.1-grundschule-hermsdorf.de\/wordpress\/wp-content\/uploads\/2024\/05\/aktuelles-300x200.jpg 300w, http:\/\/www.1-grundschule-hermsdorf.de\/wordpress\/wp-content\/uploads\/2024\/05\/aktuelles-768x512.jpg 768w, http:\/\/www.1-grundschule-hermsdorf.de\/wordpress\/wp-content\/uploads\/2024\/05\/aktuelles.jpg 1280w\" sizes=\"(max-width: 1024px) 100vw, 1024px\" \/><\/a><\/figure><\/div>\n\n\n<style>.wp-block-kadence-advancedheading.kt-adv-heading2_a9eab7-d2, .wp-block-kadence-advancedheading.kt-adv-heading2_a9eab7-d2[data-kb-block=\"kb-adv-heading2_a9eab7-d2\"]{text-align:center;font-style:normal;}.wp-block-kadence-advancedheading.kt-adv-heading2_a9eab7-d2 mark, .wp-block-kadence-advancedheading.kt-adv-heading2_a9eab7-d2[data-kb-block=\"kb-adv-heading2_a9eab7-d2\"] mark{font-style:normal;color:#f76a0c;padding-top:0px;padding-right:0px;padding-bottom:0px;padding-left:0px;}<\/style>\n<h2 class=\"kt-adv-heading2_a9eab7-d2 wp-block-kadence-advancedheading\" data-kb-block=\"kb-adv-heading2_a9eab7-d2\">Aktuelles<\/h2>\n\n\n<p class=\"text-danger\">\n<b><br \/>\n<marquee width=\"300\" scrollamount=\"100\" scrolldelay=\"1000\">Schulanmeldungen f\u00fcr das Schuljahr 2026\/2027<br \/>\n<\/marquee><br \/>\n<\/b><\/p>\n<\/div><\/div>\n\n\n<style>.kadence-column2_cd9e3a-33 > .kt-inside-inner-col,.kadence-column2_cd9e3a-33 > .kt-inside-inner-col:before{border-top-left-radius:0px;border-top-right-radius:0px;border-bottom-right-radius:0px;border-bottom-left-radius:0px;}.kadence-column2_cd9e3a-33 > .kt-inside-inner-col{column-gap:var(--global-kb-gap-sm, 1rem);}.kadence-column2_cd9e3a-33 > .kt-inside-inner-col{flex-direction:column;}.kadence-column2_cd9e3a-33 > .kt-inside-inner-col > .aligncenter{width:100%;}.kadence-column2_cd9e3a-33 > .kt-inside-inner-col:before{opacity:0.3;}.kadence-column2_cd9e3a-33{position:relative;}@media all and (max-width: 1024px){.kadence-column2_cd9e3a-33 > .kt-inside-inner-col{flex-direction:column;}}@media all and (max-width: 767px){.kadence-column2_cd9e3a-33 > .kt-inside-inner-col{flex-direction:column;}}<\/style>\n<div class=\"wp-block-kadence-column kadence-column2_cd9e3a-33\"><div class=\"kt-inside-inner-col\"><style>.kb-image2_def86b-af.kb-image-is-ratio-size, .kb-image2_def86b-af .kb-image-is-ratio-size{max-width:361px;width:100%;}.wp-block-kadence-column > .kt-inside-inner-col > .kb-image2_def86b-af.kb-image-is-ratio-size, .wp-block-kadence-column > .kt-inside-inner-col > .kb-image2_def86b-af .kb-image-is-ratio-size{align-self:unset;}.kb-image2_def86b-af figure{max-width:361px;}.kb-image2_def86b-af .image-is-svg, .kb-image2_def86b-af .image-is-svg img{width:100%;}.kb-image2_def86b-af .kb-image-has-overlay:after{opacity:0.3;}<\/style>\n<div class=\"wp-block-kadence-image kb-image2_def86b-af\"><figure class=\"aligncenter size-large\"><a href=\"http:\/\/www.1-grundschule-hermsdorf.de\/wordpress\/der-leseclub\/\" class=\"kb-advanced-image-link\"><img loading=\"lazy\" decoding=\"async\" width=\"1024\" height=\"576\" src=\"http:\/\/www.1-grundschule-hermsdorf.de\/wordpress\/wp-content\/uploads\/2024\/05\/lesen-1024x576.jpg\" alt=\"\" class=\"kb-img wp-image-78\" srcset=\"http:\/\/www.1-grundschule-hermsdorf.de\/wordpress\/wp-content\/uploads\/2024\/05\/lesen-1024x576.jpg 1024w, http:\/\/www.1-grundschule-hermsdorf.de\/wordpress\/wp-content\/uploads\/2024\/05\/lesen-300x169.jpg 300w, http:\/\/www.1-grundschule-hermsdorf.de\/wordpress\/wp-content\/uploads\/2024\/05\/lesen-768x432.jpg 768w, http:\/\/www.1-grundschule-hermsdorf.de\/wordpress\/wp-content\/uploads\/2024\/05\/lesen-1536x864.jpg 1536w, http:\/\/www.1-grundschule-hermsdorf.de\/wordpress\/wp-content\/uploads\/2024\/05\/lesen.jpg 1920w\" sizes=\"(max-width: 1024px) 100vw, 1024px\" \/><\/a><\/figure><\/div>\n\n\n<style>.wp-block-kadence-advancedheading.kt-adv-heading2_803413-01, .wp-block-kadence-advancedheading.kt-adv-heading2_803413-01[data-kb-block=\"kb-adv-heading2_803413-01\"]{text-align:center;font-style:normal;}.wp-block-kadence-advancedheading.kt-adv-heading2_803413-01 mark, .wp-block-kadence-advancedheading.kt-adv-heading2_803413-01[data-kb-block=\"kb-adv-heading2_803413-01\"] mark{font-style:normal;color:#f76a0c;padding-top:0px;padding-right:0px;padding-bottom:0px;padding-left:0px;}<\/style>\n<h2 class=\"kt-adv-heading2_803413-01 wp-block-kadence-advancedheading\" data-kb-block=\"kb-adv-heading2_803413-01\">Leseclub<\/h2>\n\n\n\n<p class=\"has-text-align-center\">Der Leseclub ist ge\u00f6ffnet, kommen Sie und nehmen Sie teil.&nbsp;<\/p>\n<\/div><\/div>\n\n<\/div><\/div>","protected":false},"excerpt":{"rendered":"<p>Hier finden Sch\u00fcler, Eltern und Interessierte alle wichtigen Informationen rund um Termine, Projekttage, Sch\u00fclerfeste und organisatorische Abl\u00e4ufe. Wir freuen uns auf ein positives Feedback.Ihr Team der Grundschule Hermsdorf Unsere Grundschule Essentielle Informationen \u00fcber unsere Grundschule. Aktuelles Leseclub Der Leseclub ist &hellip; <a href=\"http:\/\/www.1-grundschule-hermsdorf.de\/wordpress\/\">Weiter<\/a><\/p>\n","protected":false},"author":1,"featured_media":0,"parent":0,"menu_order":0,"comment_status":"closed","ping_status":"open","template":"","meta":{"kt_blocks_editor_width":"","footnotes":""},"yoast_head":"<!-- This site is optimized with the Yoast SEO plugin v23.3 - https:\/\/yoast.com\/wordpress\/plugins\/seo\/ -->\n<title>Herzlich willkommen - Staatliche Grundschule Hermsdorf<\/title>\n<meta name=\"robots\" content=\"index, follow, max-snippet:-1, max-image-preview:large, max-video-preview:-1\" \/>\n<link rel=\"canonical\" href=\"http:\/\/www.1-grundschule-hermsdorf.de\/wordpress\/\" \/>\n<meta property=\"og:locale\" content=\"de_DE\" \/>\n<meta property=\"og:type\" content=\"article\" \/>\n<meta property=\"og:title\" content=\"Herzlich willkommen - Staatliche Grundschule Hermsdorf\" \/>\n<meta property=\"og:description\" content=\"Hier finden Sch\u00fcler, Eltern und Interessierte alle wichtigen Informationen rund um Termine, Projekttage, Sch\u00fclerfeste und organisatorische Abl\u00e4ufe. Wir freuen uns auf ein positives Feedback.Ihr Team der Grundschule Hermsdorf Unsere Grundschule Essentielle Informationen \u00fcber unsere Grundschule. Aktuelles Leseclub Der Leseclub ist &hellip; Weiter\" \/>\n<meta property=\"og:url\" content=\"http:\/\/www.1-grundschule-hermsdorf.de\/wordpress\/\" \/>\n<meta property=\"og:site_name\" content=\"Staatliche Grundschule Hermsdorf\" \/>\n<meta property=\"article:modified_time\" content=\"2025-03-30T14:16:34+00:00\" \/>\n<meta property=\"og:image\" content=\"http:\/\/www.1-grundschule-hermsdorf.de\/wordpress\/wp-content\/uploads\/2024\/05\/kinder-1024x683.jpg\" \/>\n<meta name=\"twitter:card\" content=\"summary_large_image\" \/>\n<meta name=\"twitter:label1\" content=\"Est. reading time\" \/>\n\t<meta name=\"twitter:data1\" content=\"1 Minute\" \/>\n<script type=\"application\/ld+json\" class=\"yoast-schema-graph\">{\"@context\":\"https:\/\/schema.org\",\"@graph\":[{\"@type\":\"WebPage\",\"@id\":\"http:\/\/www.1-grundschule-hermsdorf.de\/wordpress\/\",\"url\":\"http:\/\/www.1-grundschule-hermsdorf.de\/wordpress\/\",\"name\":\"Herzlich willkommen - Staatliche Grundschule Hermsdorf\",\"isPartOf\":{\"@id\":\"http:\/\/www.1-grundschule-hermsdorf.de\/wordpress\/#website\"},\"primaryImageOfPage\":{\"@id\":\"http:\/\/www.1-grundschule-hermsdorf.de\/wordpress\/#primaryimage\"},\"image\":{\"@id\":\"http:\/\/www.1-grundschule-hermsdorf.de\/wordpress\/#primaryimage\"},\"thumbnailUrl\":\"http:\/\/www.1-grundschule-hermsdorf.de\/wordpress\/wp-content\/uploads\/2024\/05\/kinder-1024x683.jpg\",\"datePublished\":\"2024-05-30T08:29:34+00:00\",\"dateModified\":\"2025-03-30T14:16:34+00:00\",\"breadcrumb\":{\"@id\":\"http:\/\/www.1-grundschule-hermsdorf.de\/wordpress\/#breadcrumb\"},\"inLanguage\":\"de-DE\",\"potentialAction\":[{\"@type\":\"ReadAction\",\"target\":[\"http:\/\/www.1-grundschule-hermsdorf.de\/wordpress\/\"]}]},{\"@type\":\"ImageObject\",\"inLanguage\":\"de-DE\",\"@id\":\"http:\/\/www.1-grundschule-hermsdorf.de\/wordpress\/#primaryimage\",\"url\":\"http:\/\/www.1-grundschule-hermsdorf.de\/wordpress\/wp-content\/uploads\/2024\/05\/kinder.jpg\",\"contentUrl\":\"http:\/\/www.1-grundschule-hermsdorf.de\/wordpress\/wp-content\/uploads\/2024\/05\/kinder.jpg\",\"width\":1920,\"height\":1280},{\"@type\":\"BreadcrumbList\",\"@id\":\"http:\/\/www.1-grundschule-hermsdorf.de\/wordpress\/#breadcrumb\",\"itemListElement\":[{\"@type\":\"ListItem\",\"position\":1,\"name\":\"Home\",\"item\":\"http:\/\/www.1-grundschule-hermsdorf.de\/wordpress\/\"},{\"@type\":\"ListItem\",\"position\":2,\"name\":\"Herzlich willkommen\"}]},{\"@type\":\"WebSite\",\"@id\":\"http:\/\/www.1-grundschule-hermsdorf.de\/wordpress\/#website\",\"url\":\"http:\/\/www.1-grundschule-hermsdorf.de\/wordpress\/\",\"name\":\"Staatliche Grundschule Hermsdorf\",\"description\":\"\",\"publisher\":{\"@id\":\"http:\/\/www.1-grundschule-hermsdorf.de\/wordpress\/#organization\"},\"potentialAction\":[{\"@type\":\"SearchAction\",\"target\":{\"@type\":\"EntryPoint\",\"urlTemplate\":\"http:\/\/www.1-grundschule-hermsdorf.de\/wordpress\/?s={search_term_string}\"},\"query-input\":\"required name=search_term_string\"}],\"inLanguage\":\"de-DE\"},{\"@type\":\"Organization\",\"@id\":\"http:\/\/www.1-grundschule-hermsdorf.de\/wordpress\/#organization\",\"name\":\"Staatliche Grundschule Hermsdorf\",\"url\":\"http:\/\/www.1-grundschule-hermsdorf.de\/wordpress\/\",\"logo\":{\"@type\":\"ImageObject\",\"inLanguage\":\"de-DE\",\"@id\":\"http:\/\/www.1-grundschule-hermsdorf.de\/wordpress\/#\/schema\/logo\/image\/\",\"url\":\"http:\/\/www.1-grundschule-hermsdorf.de\/wordpress\/wp-content\/uploads\/2024\/05\/cropped-logo_schule.png\",\"contentUrl\":\"http:\/\/www.1-grundschule-hermsdorf.de\/wordpress\/wp-content\/uploads\/2024\/05\/cropped-logo_schule.png\",\"width\":2165,\"height\":2185,\"caption\":\"Staatliche Grundschule Hermsdorf\"},\"image\":{\"@id\":\"http:\/\/www.1-grundschule-hermsdorf.de\/wordpress\/#\/schema\/logo\/image\/\"}}]}<\/script>\n<!-- \/ Yoast SEO plugin. -->","yoast_head_json":{"title":"Herzlich willkommen - Staatliche Grundschule Hermsdorf","robots":{"index":"index","follow":"follow","max-snippet":"max-snippet:-1","max-image-preview":"max-image-preview:large","max-video-preview":"max-video-preview:-1"},"canonical":"http:\/\/www.1-grundschule-hermsdorf.de\/wordpress\/","og_locale":"de_DE","og_type":"article","og_title":"Herzlich willkommen - Staatliche Grundschule Hermsdorf","og_description":"Hier finden Sch\u00fcler, Eltern und Interessierte alle wichtigen Informationen rund um Termine, Projekttage, Sch\u00fclerfeste und organisatorische Abl\u00e4ufe. Wir freuen uns auf ein positives Feedback.Ihr Team der Grundschule Hermsdorf Unsere Grundschule Essentielle Informationen \u00fcber unsere Grundschule. Aktuelles Leseclub Der Leseclub ist &hellip; Weiter","og_url":"http:\/\/www.1-grundschule-hermsdorf.de\/wordpress\/","og_site_name":"Staatliche Grundschule Hermsdorf","article_modified_time":"2025-03-30T14:16:34+00:00","og_image":[{"url":"http:\/\/www.1-grundschule-hermsdorf.de\/wordpress\/wp-content\/uploads\/2024\/05\/kinder-1024x683.jpg"}],"twitter_card":"summary_large_image","twitter_misc":{"Est. reading time":"1 Minute"},"schema":{"@context":"https:\/\/schema.org","@graph":[{"@type":"WebPage","@id":"http:\/\/www.1-grundschule-hermsdorf.de\/wordpress\/","url":"http:\/\/www.1-grundschule-hermsdorf.de\/wordpress\/","name":"Herzlich willkommen - Staatliche Grundschule Hermsdorf","isPartOf":{"@id":"http:\/\/www.1-grundschule-hermsdorf.de\/wordpress\/#website"},"primaryImageOfPage":{"@id":"http:\/\/www.1-grundschule-hermsdorf.de\/wordpress\/#primaryimage"},"image":{"@id":"http:\/\/www.1-grundschule-hermsdorf.de\/wordpress\/#primaryimage"},"thumbnailUrl":"http:\/\/www.1-grundschule-hermsdorf.de\/wordpress\/wp-content\/uploads\/2024\/05\/kinder-1024x683.jpg","datePublished":"2024-05-30T08:29:34+00:00","dateModified":"2025-03-30T14:16:34+00:00","breadcrumb":{"@id":"http:\/\/www.1-grundschule-hermsdorf.de\/wordpress\/#breadcrumb"},"inLanguage":"de-DE","potentialAction":[{"@type":"ReadAction","target":["http:\/\/www.1-grundschule-hermsdorf.de\/wordpress\/"]}]},{"@type":"ImageObject","inLanguage":"de-DE","@id":"http:\/\/www.1-grundschule-hermsdorf.de\/wordpress\/#primaryimage","url":"http:\/\/www.1-grundschule-hermsdorf.de\/wordpress\/wp-content\/uploads\/2024\/05\/kinder.jpg","contentUrl":"http:\/\/www.1-grundschule-hermsdorf.de\/wordpress\/wp-content\/uploads\/2024\/05\/kinder.jpg","width":1920,"height":1280},{"@type":"BreadcrumbList","@id":"http:\/\/www.1-grundschule-hermsdorf.de\/wordpress\/#breadcrumb","itemListElement":[{"@type":"ListItem","position":1,"name":"Home","item":"http:\/\/www.1-grundschule-hermsdorf.de\/wordpress\/"},{"@type":"ListItem","position":2,"name":"Herzlich willkommen"}]},{"@type":"WebSite","@id":"http:\/\/www.1-grundschule-hermsdorf.de\/wordpress\/#website","url":"http:\/\/www.1-grundschule-hermsdorf.de\/wordpress\/","name":"Staatliche Grundschule Hermsdorf","description":"","publisher":{"@id":"http:\/\/www.1-grundschule-hermsdorf.de\/wordpress\/#organization"},"potentialAction":[{"@type":"SearchAction","target":{"@type":"EntryPoint","urlTemplate":"http:\/\/www.1-grundschule-hermsdorf.de\/wordpress\/?s={search_term_string}"},"query-input":"required name=search_term_string"}],"inLanguage":"de-DE"},{"@type":"Organization","@id":"http:\/\/www.1-grundschule-hermsdorf.de\/wordpress\/#organization","name":"Staatliche Grundschule Hermsdorf","url":"http:\/\/www.1-grundschule-hermsdorf.de\/wordpress\/","logo":{"@type":"ImageObject","inLanguage":"de-DE","@id":"http:\/\/www.1-grundschule-hermsdorf.de\/wordpress\/#\/schema\/logo\/image\/","url":"http:\/\/www.1-grundschule-hermsdorf.de\/wordpress\/wp-content\/uploads\/2024\/05\/cropped-logo_schule.png","contentUrl":"http:\/\/www.1-grundschule-hermsdorf.de\/wordpress\/wp-content\/uploads\/2024\/05\/cropped-logo_schule.png","width":2165,"height":2185,"caption":"Staatliche Grundschule Hermsdorf"},"image":{"@id":"http:\/\/www.1-grundschule-hermsdorf.de\/wordpress\/#\/schema\/logo\/image\/"}}]}},"_links":{"self":[{"href":"http:\/\/www.1-grundschule-hermsdorf.de\/wordpress\/wp-json\/wp\/v2\/pages\/2"}],"collection":[{"href":"http:\/\/www.1-grundschule-hermsdorf.de\/wordpress\/wp-json\/wp\/v2\/pages"}],"about":[{"href":"http:\/\/www.1-grundschule-hermsdorf.de\/wordpress\/wp-json\/wp\/v2\/types\/page"}],"author":[{"embeddable":true,"href":"http:\/\/www.1-grundschule-hermsdorf.de\/wordpress\/wp-json\/wp\/v2\/users\/1"}],"replies":[{"embeddable":true,"href":"http:\/\/www.1-grundschule-hermsdorf.de\/wordpress\/wp-json\/wp\/v2\/comments?post=2"}],"version-history":[{"count":25,"href":"http:\/\/www.1-grundschule-hermsdorf.de\/wordpress\/wp-json\/wp\/v2\/pages\/2\/revisions"}],"predecessor-version":[{"id":300,"href":"http:\/\/www.1-grundschule-hermsdorf.de\/wordpress\/wp-json\/wp\/v2\/pages\/2\/revisions\/300"}],"wp:attachment":[{"href":"http:\/\/www.1-grundschule-hermsdorf.de\/wordpress\/wp-json\/wp\/v2\/media?parent=2"}],"curies":[{"name":"wp","href":"https:\/\/api.w.org\/{rel}","templated":true}]}}